{"id":85,"date":"2026-04-21T14:20:23","date_gmt":"2026-04-21T14:20:23","guid":{"rendered":"https:\/\/jezkovyvocichs.cz\/?page_id=85"},"modified":"2026-04-21T14:54:44","modified_gmt":"2026-04-21T14:54:44","slug":"nabizena-jezcata","status":"publish","type":"page","link":"https:\/\/jezkovyvocichs.cz\/?page_id=85","title":{"rendered":"Nab\u00eddka ml\u00e1\u010fat"},"content":{"rendered":"\n<div class=\"wp-block-columns is-layout-flex wp-container-core-columns-is-layout-28f84493 wp-block-columns-is-layout-flex\">\n<div class=\"wp-block-column is-layout-flow wp-block-column-is-layout-flow\">\n<div class=\"wp-block-media-text is-stacked-on-mobile\"><figure class=\"wp-block-media-text__media\"><\/figure><div class=\"wp-block-media-text__content\">\n<p><\/p>\n<\/div><\/div>\n<\/div>\n\n\n\n<div class=\"wp-block-column is-layout-flow wp-block-column-is-layout-flow\">\n<div class=\"wp-block-media-text is-stacked-on-mobile\"><figure class=\"wp-block-media-text__media\"><\/figure><div class=\"wp-block-media-text__content\">\n<p><\/p>\n<\/div><\/div>\n<\/div>\n\n\n\n<div class=\"wp-block-column is-layout-flow wp-block-column-is-layout-flow\">\n<div class=\"wp-block-media-text is-stacked-on-mobile\"><figure class=\"wp-block-media-text__media\"><\/figure><div class=\"wp-block-media-text__content\">\n<p><\/p>\n<\/div><\/div>\n<\/div>\n<\/div>\n\n\n\n<div class=\"wp-block-columns is-layout-flex wp-container-core-columns-is-layout-28f84493 wp-block-columns-is-layout-flex\">\n<div class=\"wp-block-column is-layout-flow wp-block-column-is-layout-flow\">\n<div class=\"wp-block-media-text is-stacked-on-mobile\"><figure class=\"wp-block-media-text__media\"><img loading=\"lazy\" decoding=\"async\" width=\"512\" height=\"512\" src=\"https:\/\/jezkovyvocichs.cz\/wp-content\/uploads\/2026\/04\/cropped-cropped-cropped-JKV.jpeg\" alt=\"\" class=\"wp-image-77 size-full\" srcset=\"https:\/\/jezkovyvocichs.cz\/wp-content\/uploads\/2026\/04\/cropped-cropped-cropped-JKV.jpeg 512w, https:\/\/jezkovyvocichs.cz\/wp-content\/uploads\/2026\/04\/cropped-cropped-cropped-JKV-300x300.jpeg 300w, https:\/\/jezkovyvocichs.cz\/wp-content\/uploads\/2026\/04\/cropped-cropped-cropped-JKV-150x150.jpeg 150w, https:\/\/jezkovyvocichs.cz\/wp-content\/uploads\/2026\/04\/cropped-cropped-cropped-JKV-270x270.jpeg 270w, https:\/\/jezkovyvocichs.cz\/wp-content\/uploads\/2026\/04\/cropped-cropped-cropped-JKV-192x192.jpeg 192w, https:\/\/jezkovyvocichs.cz\/wp-content\/uploads\/2026\/04\/cropped-cropped-cropped-JKV-180x180.jpeg 180w, https:\/\/jezkovyvocichs.cz\/wp-content\/uploads\/2026\/04\/cropped-cropped-cropped-JKV-32x32.jpeg 32w\" sizes=\"auto, (max-width: 512px) 100vw, 512px\" \/><\/figure><div class=\"wp-block-media-text__content\">\n<p><\/p>\n<\/div><\/div>\n<\/div>\n\n\n\n<div class=\"wp-block-column is-layout-flow wp-block-column-is-layout-flow\">\n<div class=\"wp-block-media-text is-stacked-on-mobile\"><figure class=\"wp-block-media-text__media\"><img loading=\"lazy\" decoding=\"async\" width=\"512\" height=\"512\" src=\"https:\/\/jezkovyvocichs.cz\/wp-content\/uploads\/2026\/04\/cropped-cropped-cropped-JKV.jpeg\" alt=\"\" class=\"wp-image-77 size-full\" srcset=\"https:\/\/jezkovyvocichs.cz\/wp-content\/uploads\/2026\/04\/cropped-cropped-cropped-JKV.jpeg 512w, https:\/\/jezkovyvocichs.cz\/wp-content\/uploads\/2026\/04\/cropped-cropped-cropped-JKV-300x300.jpeg 300w, https:\/\/jezkovyvocichs.cz\/wp-content\/uploads\/2026\/04\/cropped-cropped-cropped-JKV-150x150.jpeg 150w, https:\/\/jezkovyvocichs.cz\/wp-content\/uploads\/2026\/04\/cropped-cropped-cropped-JKV-270x270.jpeg 270w, https:\/\/jezkovyvocichs.cz\/wp-content\/uploads\/2026\/04\/cropped-cropped-cropped-JKV-192x192.jpeg 192w, https:\/\/jezkovyvocichs.cz\/wp-content\/uploads\/2026\/04\/cropped-cropped-cropped-JKV-180x180.jpeg 180w, https:\/\/jezkovyvocichs.cz\/wp-content\/uploads\/2026\/04\/cropped-cropped-cropped-JKV-32x32.jpeg 32w\" sizes=\"auto, (max-width: 512px) 100vw, 512px\" \/><\/figure><div class=\"wp-block-media-text__content\">\n<p><\/p>\n<\/div><\/div>\n<\/div>\n\n\n\n<div class=\"wp-block-column is-layout-flow wp-block-column-is-layout-flow\">\n<div class=\"wp-block-media-text is-stacked-on-mobile\"><figure class=\"wp-block-media-text__media\"><img loading=\"lazy\" decoding=\"async\" width=\"512\" height=\"512\" src=\"https:\/\/jezkovyvocichs.cz\/wp-content\/uploads\/2026\/04\/cropped-cropped-cropped-JKV.jpeg\" alt=\"\" class=\"wp-image-77 size-full\" srcset=\"https:\/\/jezkovyvocichs.cz\/wp-content\/uploads\/2026\/04\/cropped-cropped-cropped-JKV.jpeg 512w, https:\/\/jezkovyvocichs.cz\/wp-content\/uploads\/2026\/04\/cropped-cropped-cropped-JKV-300x300.jpeg 300w, https:\/\/jezkovyvocichs.cz\/wp-content\/uploads\/2026\/04\/cropped-cropped-cropped-JKV-150x150.jpeg 150w, https:\/\/jezkovyvocichs.cz\/wp-content\/uploads\/2026\/04\/cropped-cropped-cropped-JKV-270x270.jpeg 270w, https:\/\/jezkovyvocichs.cz\/wp-content\/uploads\/2026\/04\/cropped-cropped-cropped-JKV-192x192.jpeg 192w, https:\/\/jezkovyvocichs.cz\/wp-content\/uploads\/2026\/04\/cropped-cropped-cropped-JKV-180x180.jpeg 180w, https:\/\/jezkovyvocichs.cz\/wp-content\/uploads\/2026\/04\/cropped-cropped-cropped-JKV-32x32.jpeg 32w\" sizes=\"auto, (max-width: 512px) 100vw, 512px\" \/><\/figure><div class=\"wp-block-media-text__content\">\n<p><\/p>\n<\/div><\/div>\n<\/div>\n<\/div>\n\n\n\n<div class=\"wp-block-columns is-layout-flex wp-container-core-columns-is-layout-28f84493 wp-block-columns-is-layout-flex\">\n<div class=\"wp-block-column is-layout-flow wp-block-column-is-layout-flow\">\n<div class=\"wp-block-media-text is-stacked-on-mobile\"><figure class=\"wp-block-media-text__media\"><img loading=\"lazy\" decoding=\"async\" width=\"512\" height=\"512\" src=\"https:\/\/jezkovyvocichs.cz\/wp-content\/uploads\/2026\/04\/cropped-cropped-cropped-JKV.jpeg\" alt=\"\" class=\"wp-image-77 size-full\" srcset=\"https:\/\/jezkovyvocichs.cz\/wp-content\/uploads\/2026\/04\/cropped-cropped-cropped-JKV.jpeg 512w, https:\/\/jezkovyvocichs.cz\/wp-content\/uploads\/2026\/04\/cropped-cropped-cropped-JKV-300x300.jpeg 300w, https:\/\/jezkovyvocichs.cz\/wp-content\/uploads\/2026\/04\/cropped-cropped-cropped-JKV-150x150.jpeg 150w, https:\/\/jezkovyvocichs.cz\/wp-content\/uploads\/2026\/04\/cropped-cropped-cropped-JKV-270x270.jpeg 270w, https:\/\/jezkovyvocichs.cz\/wp-content\/uploads\/2026\/04\/cropped-cropped-cropped-JKV-192x192.jpeg 192w, https:\/\/jezkovyvocichs.cz\/wp-content\/uploads\/2026\/04\/cropped-cropped-cropped-JKV-180x180.jpeg 180w, https:\/\/jezkovyvocichs.cz\/wp-content\/uploads\/2026\/04\/cropped-cropped-cropped-JKV-32x32.jpeg 32w\" sizes=\"auto, (max-width: 512px) 100vw, 512px\" \/><\/figure><div class=\"wp-block-media-text__content\">\n<p><\/p>\n<\/div><\/div>\n<\/div>\n\n\n\n<div class=\"wp-block-column is-layout-flow wp-block-column-is-layout-flow\">\n<div class=\"wp-block-media-text is-stacked-on-mobile\"><figure class=\"wp-block-media-text__media\"><img loading=\"lazy\" decoding=\"async\" width=\"512\" height=\"512\" src=\"https:\/\/jezkovyvocichs.cz\/wp-content\/uploads\/2026\/04\/cropped-cropped-cropped-JKV.jpeg\" alt=\"\" class=\"wp-image-77 size-full\" srcset=\"https:\/\/jezkovyvocichs.cz\/wp-content\/uploads\/2026\/04\/cropped-cropped-cropped-JKV.jpeg 512w, https:\/\/jezkovyvocichs.cz\/wp-content\/uploads\/2026\/04\/cropped-cropped-cropped-JKV-300x300.jpeg 300w, https:\/\/jezkovyvocichs.cz\/wp-content\/uploads\/2026\/04\/cropped-cropped-cropped-JKV-150x150.jpeg 150w, https:\/\/jezkovyvocichs.cz\/wp-content\/uploads\/2026\/04\/cropped-cropped-cropped-JKV-270x270.jpeg 270w, https:\/\/jezkovyvocichs.cz\/wp-content\/uploads\/2026\/04\/cropped-cropped-cropped-JKV-192x192.jpeg 192w, https:\/\/jezkovyvocichs.cz\/wp-content\/uploads\/2026\/04\/cropped-cropped-cropped-JKV-180x180.jpeg 180w, https:\/\/jezkovyvocichs.cz\/wp-content\/uploads\/2026\/04\/cropped-cropped-cropped-JKV-32x32.jpeg 32w\" sizes=\"auto, (max-width: 512px) 100vw, 512px\" \/><\/figure><div class=\"wp-block-media-text__content\">\n<p><\/p>\n<\/div><\/div>\n<\/div>\n\n\n\n<div class=\"wp-block-column is-layout-flow wp-block-column-is-layout-flow\">\n<div class=\"wp-block-media-text is-stacked-on-mobile\"><figure class=\"wp-block-media-text__media\"><img loading=\"lazy\" decoding=\"async\" width=\"512\" height=\"512\" src=\"https:\/\/jezkovyvocichs.cz\/wp-content\/uploads\/2026\/04\/cropped-cropped-cropped-JKV.jpeg\" alt=\"\" class=\"wp-image-77 size-full\" srcset=\"https:\/\/jezkovyvocichs.cz\/wp-content\/uploads\/2026\/04\/cropped-cropped-cropped-JKV.jpeg 512w, https:\/\/jezkovyvocichs.cz\/wp-content\/uploads\/2026\/04\/cropped-cropped-cropped-JKV-300x300.jpeg 300w, https:\/\/jezkovyvocichs.cz\/wp-content\/uploads\/2026\/04\/cropped-cropped-cropped-JKV-150x150.jpeg 150w, https:\/\/jezkovyvocichs.cz\/wp-content\/uploads\/2026\/04\/cropped-cropped-cropped-JKV-270x270.jpeg 270w, https:\/\/jezkovyvocichs.cz\/wp-content\/uploads\/2026\/04\/cropped-cropped-cropped-JKV-192x192.jpeg 192w, https:\/\/jezkovyvocichs.cz\/wp-content\/uploads\/2026\/04\/cropped-cropped-cropped-JKV-180x180.jpeg 180w, https:\/\/jezkovyvocichs.cz\/wp-content\/uploads\/2026\/04\/cropped-cropped-cropped-JKV-32x32.jpeg 32w\" sizes=\"auto, (max-width: 512px) 100vw, 512px\" \/><\/figure><div class=\"wp-block-media-text__content\">\n<p><\/p>\n<\/div><\/div>\n<\/div>\n<\/div>\n\n\n\n<div class=\"wp-block-columns is-layout-flex wp-container-core-columns-is-layout-28f84493 wp-block-columns-is-layout-flex\">\n<div class=\"wp-block-column is-layout-flow wp-block-column-is-layout-flow\">\n<div class=\"wp-block-media-text is-stacked-on-mobile\"><figure class=\"wp-block-media-text__media\"><img loading=\"lazy\" decoding=\"async\" width=\"512\" height=\"512\" src=\"https:\/\/jezkovyvocichs.cz\/wp-content\/uploads\/2026\/04\/cropped-cropped-cropped-JKV.jpeg\" alt=\"\" class=\"wp-image-77 size-full\" srcset=\"https:\/\/jezkovyvocichs.cz\/wp-content\/uploads\/2026\/04\/cropped-cropped-cropped-JKV.jpeg 512w, https:\/\/jezkovyvocichs.cz\/wp-content\/uploads\/2026\/04\/cropped-cropped-cropped-JKV-300x300.jpeg 300w, https:\/\/jezkovyvocichs.cz\/wp-content\/uploads\/2026\/04\/cropped-cropped-cropped-JKV-150x150.jpeg 150w, https:\/\/jezkovyvocichs.cz\/wp-content\/uploads\/2026\/04\/cropped-cropped-cropped-JKV-270x270.jpeg 270w, https:\/\/jezkovyvocichs.cz\/wp-content\/uploads\/2026\/04\/cropped-cropped-cropped-JKV-192x192.jpeg 192w, https:\/\/jezkovyvocichs.cz\/wp-content\/uploads\/2026\/04\/cropped-cropped-cropped-JKV-180x180.jpeg 180w, https:\/\/jezkovyvocichs.cz\/wp-content\/uploads\/2026\/04\/cropped-cropped-cropped-JKV-32x32.jpeg 32w\" sizes=\"auto, (max-width: 512px) 100vw, 512px\" \/><\/figure><div class=\"wp-block-media-text__content\">\n<p><\/p>\n<\/div><\/div>\n<\/div>\n\n\n\n<div class=\"wp-block-column is-layout-flow wp-block-column-is-layout-flow\">\n<div class=\"wp-block-media-text is-stacked-on-mobile\"><figure class=\"wp-block-media-text__media\"><img loading=\"lazy\" decoding=\"async\" width=\"512\" height=\"512\" src=\"https:\/\/jezkovyvocichs.cz\/wp-content\/uploads\/2026\/04\/cropped-cropped-cropped-JKV.jpeg\" alt=\"\" class=\"wp-image-77 size-full\" srcset=\"https:\/\/jezkovyvocichs.cz\/wp-content\/uploads\/2026\/04\/cropped-cropped-cropped-JKV.jpeg 512w, https:\/\/jezkovyvocichs.cz\/wp-content\/uploads\/2026\/04\/cropped-cropped-cropped-JKV-300x300.jpeg 300w, https:\/\/jezkovyvocichs.cz\/wp-content\/uploads\/2026\/04\/cropped-cropped-cropped-JKV-150x150.jpeg 150w, https:\/\/jezkovyvocichs.cz\/wp-content\/uploads\/2026\/04\/cropped-cropped-cropped-JKV-270x270.jpeg 270w, https:\/\/jezkovyvocichs.cz\/wp-content\/uploads\/2026\/04\/cropped-cropped-cropped-JKV-192x192.jpeg 192w, https:\/\/jezkovyvocichs.cz\/wp-content\/uploads\/2026\/04\/cropped-cropped-cropped-JKV-180x180.jpeg 180w, https:\/\/jezkovyvocichs.cz\/wp-content\/uploads\/2026\/04\/cropped-cropped-cropped-JKV-32x32.jpeg 32w\" sizes=\"auto, (max-width: 512px) 100vw, 512px\" \/><\/figure><div class=\"wp-block-media-text__content\">\n<p><\/p>\n<\/div><\/div>\n<\/div>\n\n\n\n<div class=\"wp-block-column is-layout-flow wp-block-column-is-layout-flow\">\n<div class=\"wp-block-media-text is-stacked-on-mobile\"><figure class=\"wp-block-media-text__media\"><img loading=\"lazy\" decoding=\"async\" width=\"512\" height=\"512\" src=\"https:\/\/jezkovyvocichs.cz\/wp-content\/uploads\/2026\/04\/cropped-cropped-cropped-JKV.jpeg\" alt=\"\" class=\"wp-image-77 size-full\" srcset=\"https:\/\/jezkovyvocichs.cz\/wp-content\/uploads\/2026\/04\/cropped-cropped-cropped-JKV.jpeg 512w, https:\/\/jezkovyvocichs.cz\/wp-content\/uploads\/2026\/04\/cropped-cropped-cropped-JKV-300x300.jpeg 300w, https:\/\/jezkovyvocichs.cz\/wp-content\/uploads\/2026\/04\/cropped-cropped-cropped-JKV-150x150.jpeg 150w, https:\/\/jezkovyvocichs.cz\/wp-content\/uploads\/2026\/04\/cropped-cropped-cropped-JKV-270x270.jpeg 270w, https:\/\/jezkovyvocichs.cz\/wp-content\/uploads\/2026\/04\/cropped-cropped-cropped-JKV-192x192.jpeg 192w, https:\/\/jezkovyvocichs.cz\/wp-content\/uploads\/2026\/04\/cropped-cropped-cropped-JKV-180x180.jpeg 180w, https:\/\/jezkovyvocichs.cz\/wp-content\/uploads\/2026\/04\/cropped-cropped-cropped-JKV-32x32.jpeg 32w\" sizes=\"auto, (max-width: 512px) 100vw, 512px\" \/><\/figure><div class=\"wp-block-media-text__content\">\n<p><\/p>\n<\/div><\/div>\n<\/div>\n<\/div>\n\n\n\n<p><\/p>\n","protected":false},"excerpt":{"rendered":"","protected":false},"author":1,"featured_media":0,"parent":0,"menu_order":0,"comment_status":"closed","ping_status":"closed","template":"","meta":{"site-sidebar-layout":"default","site-content-layout":"","ast-site-content-layout":"default","site-content-style":"default","site-sidebar-style":"default","ast-global-header-display":"","ast-banner-title-visibility":"","ast-main-header-display":"","ast-hfb-above-header-display":"","ast-hfb-below-header-display":"","ast-hfb-mobile-header-display":"","site-post-title":"","ast-breadcrumbs-content":"","ast-featured-img":"","footer-sml-layout":"","ast-disable-related-posts":"","theme-transparent-header-meta":"","adv-header-id-meta":"","stick-header-meta":"","header-above-stick-meta":"","header-main-stick-meta":"","header-below-stick-meta":"","astra-migrate-meta-layouts":"default","ast-page-background-enabled":"default","ast-page-background-meta":{"desktop":{"background-color":"var(--ast-global-color-5)","background-image":"","background-repeat":"repeat","background-position":"center center","background-size":"auto","background-attachment":"scroll","background-type":"","background-media":"","overlay-type":"","overlay-color":"","overlay-opacity":"","overlay-gradient":""},"tablet":{"background-color":"","background-image":"","background-repeat":"repeat","background-position":"center center","background-size":"auto","background-attachment":"scroll","background-type":"","background-media":"","overlay-type":"","overlay-color":"","overlay-opacity":"","overlay-gradient":""},"mobile":{"background-color":"","background-image":"","background-repeat":"repeat","background-position":"center center","background-size":"auto","background-attachment":"scroll","background-type":"","background-media":"","overlay-type":"","overlay-color":"","overlay-opacity":"","overlay-gradient":""}},"ast-content-background-meta":{"desktop":{"background-color":"var(--ast-global-color-4)","background-image":"","background-repeat":"repeat","background-position":"center center","background-size":"auto","background-attachment":"scroll","background-type":"","background-media":"","overlay-type":"","overlay-color":"","overlay-opacity":"","overlay-gradient":""},"tablet":{"background-color":"var(--ast-global-color-4)","background-image":"","background-repeat":"repeat","background-position":"center center","background-size":"auto","background-attachment":"scroll","background-type":"","background-media":"","overlay-type":"","overlay-color":"","overlay-opacity":"","overlay-gradient":""},"mobile":{"background-color":"var(--ast-global-color-4)","background-image":"","background-repeat":"repeat","background-position":"center center","background-size":"auto","background-attachment":"scroll","background-type":"","background-media":"","overlay-type":"","overlay-color":"","overlay-opacity":"","overlay-gradient":""}},"footnotes":""},"class_list":["post-85","page","type-page","status-publish","hentry"],"_links":{"self":[{"href":"https:\/\/jezkovyvocichs.cz\/index.php?rest_route=\/wp\/v2\/pages\/85","targetHints":{"allow":["GET"]}}],"collection":[{"href":"https:\/\/jezkovyvocichs.cz\/index.php?rest_route=\/wp\/v2\/pages"}],"about":[{"href":"https:\/\/jezkovyvocichs.cz\/index.php?rest_route=\/wp\/v2\/types\/page"}],"author":[{"embeddable":true,"href":"https:\/\/jezkovyvocichs.cz\/index.php?rest_route=\/wp\/v2\/users\/1"}],"replies":[{"embeddable":true,"href":"https:\/\/jezkovyvocichs.cz\/index.php?rest_route=%2Fwp%2Fv2%2Fcomments&post=85"}],"version-history":[{"count":8,"href":"https:\/\/jezkovyvocichs.cz\/index.php?rest_route=\/wp\/v2\/pages\/85\/revisions"}],"predecessor-version":[{"id":104,"href":"https:\/\/jezkovyvocichs.cz\/index.php?rest_route=\/wp\/v2\/pages\/85\/revisions\/104"}],"wp:attachment":[{"href":"https:\/\/jezkovyvocichs.cz\/index.php?rest_route=%2Fwp%2Fv2%2Fmedia&parent=85"}],"curies":[{"name":"wp","href":"https:\/\/api.w.org\/{rel}","templated":true}]}}